{"id":1267,"date":"2025-09-22T10:52:48","date_gmt":"2025-09-22T03:52:48","guid":{"rendered":"https:\/\/3cimplant.com\/about-us\/"},"modified":"2025-09-22T10:52:48","modified_gmt":"2025-09-22T03:52:48","slug":"about-us","status":"publish","type":"page","link":"https:\/\/3cimplant.com\/en\/about-us\/","title":{"rendered":"About Us"},"content":{"rendered":"","protected":false},"excerpt":{"rendered":"<p>V\u1edbi \u0111\u1ed9i ng\u0169 b\u00e1c s\u0129 gi\u00e0u kinh nghi\u1ec7m v\u00e0 trang thi\u1ebft b\u1ecb hi\u1ec7n \u0111\u1ea1i, ch\u00fang t\u00f4i lu\u00f4n cam k\u1ebft mang \u0111\u1ebfn nh\u1eefng d\u1ecbch v\u1ee5 ch\u1ea5t l\u01b0\u1ee3ng cao v\u00e0 an to\u00e0n nh\u1ea5t cho kh\u00e1ch h\u00e0ng.<\/p>\n","protected":false},"author":1,"featured_media":1757,"parent":0,"menu_order":0,"comment_status":"closed","ping_status":"closed","template":"","meta":{"_acf_changed":false,"luot_xem":6,"footnotes":""},"class_list":["post-1267","page","type-page","status-publish","has-post-thumbnail","hentry"],"acf":[],"_links":{"self":[{"href":"https:\/\/3cimplant.com\/en\/wp-json\/wp\/v2\/pages\/1267","targetHints":{"allow":["GET"]}}],"collection":[{"href":"https:\/\/3cimplant.com\/en\/wp-json\/wp\/v2\/pages"}],"about":[{"href":"https:\/\/3cimplant.com\/en\/wp-json\/wp\/v2\/types\/page"}],"author":[{"embeddable":true,"href":"https:\/\/3cimplant.com\/en\/wp-json\/wp\/v2\/users\/1"}],"replies":[{"embeddable":true,"href":"https:\/\/3cimplant.com\/en\/wp-json\/wp\/v2\/comments?post=1267"}],"version-history":[{"count":0,"href":"https:\/\/3cimplant.com\/en\/wp-json\/wp\/v2\/pages\/1267\/revisions"}],"wp:featuredmedia":[{"embeddable":true,"href":"https:\/\/3cimplant.com\/en\/wp-json\/wp\/v2\/media\/1757"}],"wp:attachment":[{"href":"https:\/\/3cimplant.com\/en\/wp-json\/wp\/v2\/media?parent=1267"}],"curies":[{"name":"wp","href":"https:\/\/api.w.org\/{rel}","templated":true}]}}